{"id":5,"date":"2011-01-23T11:30:55","date_gmt":"2011-01-23T11:30:55","guid":{"rendered":"http:\/\/r.cochetel.free.fr\/?page_id=2"},"modified":"2021-09-11T14:45:58","modified_gmt":"2021-09-11T12:45:58","slug":"a-propos","status":"publish","type":"page","link":"https:\/\/raphaelcochetel.fr\/index.php\/a-propos\/","title":{"rendered":"INFOS"},"content":{"rendered":"<p><img loading=\"lazy\" decoding=\"async\" class=\"alignleft size-full wp-image-1260\" src=\"http:\/\/raphaelcochetel.fr\/wp-content\/uploads\/2021\/09\/55245162-2.jpg\" alt=\"\" width=\"1906\" height=\"1882\" srcset=\"https:\/\/raphaelcochetel.fr\/wp-content\/uploads\/2021\/09\/55245162-2.jpg 1906w, https:\/\/raphaelcochetel.fr\/wp-content\/uploads\/2021\/09\/55245162-2-300x296.jpg 300w, https:\/\/raphaelcochetel.fr\/wp-content\/uploads\/2021\/09\/55245162-2-768x758.jpg 768w, https:\/\/raphaelcochetel.fr\/wp-content\/uploads\/2021\/09\/55245162-2-1024x1011.jpg 1024w\" sizes=\"auto, (max-width: 1906px) 100vw, 1906px\" \/>\u00a0Je suis n\u00e9 \u00e0\u00a0Nantes, en juin 1971, et ai tr\u00e8s t\u00f4t d\u00e9couvert une passion pour le sport. J&rsquo;ai d\u00e9but\u00e9 \u00e0 6 ans en m&rsquo;inscrivant \u00e0 la section football, puis\u00a0\u00e0 12 ans\u00a0je me suis dirig\u00e9 vers le hand-ball, un sport collectif qui m&rsquo;a vraiment passionn\u00e9 et que j&rsquo;ai continu\u00e9 \u00e0 pratiquer jusqu&rsquo;\u00e0 27 ans.<\/p>\n<p>Au d\u00e9but des ann\u00e9es 90, ce fut la p\u00e9riode d&rsquo;un VSL de 24 mois au 6e RPIMa, avant de reprendre les \u00e9tudes pour deux ann\u00e9es \u00e0 <strong>l&rsquo;Ecole Nantaise de Culture Physique<\/strong>, afin de devenir titulaire du BEAECPC en 1997.<\/p>\n<p>Ce brevet d&rsquo;\u00e9tat me permit alors facilement de rentrer dans une grande entreprise de tourisme international (CM),\u00a0 d&rsquo;avril 1998 \u00e0 Janvier 2003, o\u00f9 j&rsquo;ai pu animer, organiser, encadrer des activit\u00e9s sportives, avec en prime des s\u00e9jours au Maroc, au S\u00e9n\u00e9gal, en Turquie, en Gr\u00e8ce, en Espagne, en Suisse, au Portugal, aux Bahamas&#8230;<\/p>\n<p>De retour \u00e0 Nantes je me suis d\u00e9cid\u00e9 \u00e0 utiliser diff\u00e9remment mes qualifications, mes envies d&rsquo;enseigner, mon d\u00e9sir d&rsquo;aider les autres en devenant coach sportif \u00e0 domicile, je me suis alors install\u00e9 \u00e0 Paris, et\u00a0ai commenc\u00e9 mon activit\u00e9 en mars 2003.<\/p>\n<p>N\u00b0 siret : 448 034 348 00061<\/p>\n","protected":false},"excerpt":{"rendered":"<p>\u00a0Je suis n\u00e9 \u00e0\u00a0Nantes, en juin 1971, et ai tr\u00e8s t\u00f4t d\u00e9couvert une passion pour le sport. J&rsquo;ai d\u00e9but\u00e9 \u00e0 6 ans en m&rsquo;inscrivant \u00e0 la section football, puis\u00a0\u00e0 12 ans\u00a0je me suis dirig\u00e9 vers le hand-ball, un sport collectif qui m&rsquo;a vraiment passionn\u00e9 et&#8230;<\/p>\n","protected":false},"author":2,"featured_media":0,"parent":0,"menu_order":1,"comment_status":"closed","ping_status":"closed","template":"","meta":{"footnotes":""},"class_list":["post-5","page","type-page","status-publish","hentry"],"_links":{"self":[{"href":"https:\/\/raphaelcochetel.fr\/index.php\/wp-json\/wp\/v2\/pages\/5","targetHints":{"allow":["GET"]}}],"collection":[{"href":"https:\/\/raphaelcochetel.fr\/index.php\/wp-json\/wp\/v2\/pages"}],"about":[{"href":"https:\/\/raphaelcochetel.fr\/index.php\/wp-json\/wp\/v2\/types\/page"}],"author":[{"embeddable":true,"href":"https:\/\/raphaelcochetel.fr\/index.php\/wp-json\/wp\/v2\/users\/2"}],"replies":[{"embeddable":true,"href":"https:\/\/raphaelcochetel.fr\/index.php\/wp-json\/wp\/v2\/comments?post=5"}],"version-history":[{"count":27,"href":"https:\/\/raphaelcochetel.fr\/index.php\/wp-json\/wp\/v2\/pages\/5\/revisions"}],"predecessor-version":[{"id":1438,"href":"https:\/\/raphaelcochetel.fr\/index.php\/wp-json\/wp\/v2\/pages\/5\/revisions\/1438"}],"wp:attachment":[{"href":"https:\/\/raphaelcochetel.fr\/index.php\/wp-json\/wp\/v2\/media?parent=5"}],"curies":[{"name":"wp","href":"https:\/\/api.w.org\/{rel}","templated":true}]}}